{"id":23,"date":"2022-02-25T21:02:08","date_gmt":"2022-02-25T21:02:08","guid":{"rendered":"https:\/\/www.julin-festival.de\/?page_id=23"},"modified":"2022-03-01T13:01:39","modified_gmt":"2022-03-01T13:01:39","slug":"membership-login","status":"publish","type":"page","link":"https:\/\/www.julin-festival.de\/","title":{"rendered":"Julin-Festival Login"},"content":{"rendered":"\n<figure class=\"wp-block-image size-large\"><img loading=\"lazy\" decoding=\"async\" width=\"1024\" height=\"956\" src=\"https:\/\/www.julin-festival.de\/wp-content\/uploads\/2022\/02\/JuleMalin-1-1024x956.jpg\" alt=\"\" class=\"wp-image-58\" srcset=\"https:\/\/www.julin-festival.de\/wp-content\/uploads\/2022\/02\/JuleMalin-1-1024x956.jpg 1024w, https:\/\/www.julin-festival.de\/wp-content\/uploads\/2022\/02\/JuleMalin-1-300x280.jpg 300w, https:\/\/www.julin-festival.de\/wp-content\/uploads\/2022\/02\/JuleMalin-1-768x717.jpg 768w, https:\/\/www.julin-festival.de\/wp-content\/uploads\/2022\/02\/JuleMalin-1-1536x1434.jpg 1536w, https:\/\/www.julin-festival.de\/wp-content\/uploads\/2022\/02\/JuleMalin-1-2048x1912.jpg 2048w, https:\/\/www.julin-festival.de\/wp-content\/uploads\/2022\/02\/JuleMalin-1-1568x1464.jpg 1568w\" sizes=\"auto, (max-width: 1024px) 100vw, 1024px\" \/><\/figure>\n\n\n\n<p>Sch\u00f6n, dass ihr da seid! <\/p>\n\n\n\n<p>Nach dem Login zum St\u00f6bern auf das Men\u00fc klicken&#8230;<\/p>\n\n\n<div class=\"swpm-login-widget-form\">\n    <form id=\"swpm-login-form\" name=\"swpm-login-form\" method=\"post\" action=\"\">\n        <div class=\"swpm-login-form-inner\">\n            <div class=\"swpm-username-label\">\n                <label for=\"swpm_user_name\" class=\"swpm-label\">Benutzername oder E-Mail<\/label>\n            <\/div>\n            <div class=\"swpm-username-input\">\n                <input type=\"text\" class=\"swpm-text-field swpm-username-field\" id=\"swpm_user_name\" value=\"\" size=\"25\" name=\"swpm_user_name\" \/>\n            <\/div>\n            <div class=\"swpm-password-label\">\n                <label for=\"swpm_password\" class=\"swpm-label\">Passwort<\/label>\n            <\/div>\n            <div class=\"swpm-password-input\">                \n                <input type=\"password\" class=\"swpm-text-field swpm-password-field\" id=\"swpm_password\" value=\"\" size=\"25\" name=\"swpm_password\" \/>                \n            <\/div>\n                        <div class=\"swpm-remember-me\">\n                <span class=\"swpm-remember-checkbox\"><input type=\"checkbox\" name=\"rememberme\" value=\"checked='checked'\"><\/span>\n                <span class=\"swpm-rember-label\"> Remember Me<\/span>\n            <\/div>\n\n            <div class=\"swpm-before-login-submit-section\"><\/div>\n\n            <div class=\"swpm-login-submit\">\n                <input type=\"submit\" class=\"swpm-login-form-submit\" name=\"swpm-login\" value=\"Anmelden\"\/>\n            <\/div>\n            <div class=\"swpm-forgot-pass-link\">\n                <a id=\"forgot_pass\" class=\"swpm-login-form-pw-reset-link\"  href=\"https:\/\/www.julin-festival.de\/?page_id=23\">Haben Sie Ihr Passwort vergessen?<\/a>\n            <\/div>\n            <div class=\"swpm-join-us-link\">\n                <a id=\"register\" class=\"swpm-login-form-register-link\" href=\"https:\/\/www.julin-festival.de\/?page_id=23\">Werden Sie Mitglied bei uns<\/a>\n            <\/div>\n            <div class=\"swpm-login-action-msg\">\n                <span class=\"swpm-login-widget-action-msg\"><\/span>\n            <\/div>\n        <\/div>\n    <\/form>\n<\/div>\n","protected":false},"excerpt":{"rendered":"<p>Sch\u00f6n, dass ihr da seid! Nach dem Login zum St\u00f6bern auf das Men\u00fc klicken&#8230;<\/p>\n","protected":false},"author":1,"featured_media":0,"parent":0,"menu_order":0,"comment_status":"closed","ping_status":"closed","template":"","meta":{"footnotes":""},"class_list":["post-23","page","type-page","status-publish","hentry","entry"],"_links":{"self":[{"href":"https:\/\/www.julin-festival.de\/index.php?rest_route=\/wp\/v2\/pages\/23","targetHints":{"allow":["GET"]}}],"collection":[{"href":"https:\/\/www.julin-festival.de\/index.php?rest_route=\/wp\/v2\/pages"}],"about":[{"href":"https:\/\/www.julin-festival.de\/index.php?rest_route=\/wp\/v2\/types\/page"}],"author":[{"embeddable":true,"href":"https:\/\/www.julin-festival.de\/index.php?rest_route=\/wp\/v2\/users\/1"}],"replies":[{"embeddable":true,"href":"https:\/\/www.julin-festival.de\/index.php?rest_route=%2Fwp%2Fv2%2Fcomments&post=23"}],"version-history":[{"count":8,"href":"https:\/\/www.julin-festival.de\/index.php?rest_route=\/wp\/v2\/pages\/23\/revisions"}],"predecessor-version":[{"id":150,"href":"https:\/\/www.julin-festival.de\/index.php?rest_route=\/wp\/v2\/pages\/23\/revisions\/150"}],"wp:attachment":[{"href":"https:\/\/www.julin-festival.de\/index.php?rest_route=%2Fwp%2Fv2%2Fmedia&parent=23"}],"curies":[{"name":"wp","href":"https:\/\/api.w.org\/{rel}","templated":true}]}}